{"id":609,"date":"2019-03-16T11:03:51","date_gmt":"2019-03-16T11:03:51","guid":{"rendered":"http:\/\/themebubble.com\/demo\/webify\/consult\/?page_id=5"},"modified":"2025-05-30T11:00:44","modified_gmt":"2025-05-30T14:00:44","slug":"home-2","status":"publish","type":"page","link":"https:\/\/bnarquitectos.com\/en\/","title":{"rendered":"Home"},"content":{"rendered":"<div data-elementor-type=\"wp-post\" data-elementor-id=\"609\" class=\"elementor elementor-609\" data-elementor-post-type=\"page\">\n\t\t\t\t\t\t<div class=\"elementor-inner\">\n\t\t\t\t<div class=\"elementor-section-wrap\">\n\t\t\t\t\t\t\t\t\t<section class=\"elementor-section elementor-top-section elementor-element elementor-element-51d191e elementor-section-stretched elementor-section-full_width elementor-section-height-default elementor-section-height-default\" data-id=\"51d191e\" data-element_type=\"section\" data-settings=\"{&quot;stretch_section&quot;:&quot;section-stretched&quot;}\">\n\t\t\t\t\t\t<div class=\"elementor-container elementor-column-gap-no\">\n\t\t\t\t\t\t\t<div class=\"elementor-row\">\n\t\t\t\t\t<div class=\"elementor-column elementor-col-100 elementor-top-column elementor-element elementor-element-b9db661\" data-id=\"b9db661\" data-element_type=\"column\">\n\t\t\t<div class=\"elementor-column-wrap elementor-element-populated\">\n\t\t\t\t\t\t\t<div class=\"elementor-widget-wrap\">\n\t\t\t\t\t\t<section class=\"elementor-section elementor-inner-section elementor-element elementor-element-4ddf462 elementor-section-full_width elementor-section-height-default elementor-section-height-default\" data-id=\"4ddf462\" data-element_type=\"section\">\n\t\t\t\t\t\t<div class=\"elementor-container elementor-column-gap-default\">\n\t\t\t\t\t\t\t<div class=\"elementor-row\">\n\t\t\t\t\t<div class=\"elementor-column elementor-col-100 elementor-inner-column elementor-element elementor-element-28af446\" data-id=\"28af446\" data-element_type=\"column\">\n\t\t\t<div class=\"elementor-column-wrap elementor-element-populated\">\n\t\t\t\t\t\t\t<div class=\"elementor-widget-wrap\">\n\t\t\t\t\t\t<div class=\"elementor-element elementor-element-fb8016a bn-slider elementor-widget elementor-widget-webify-hero-slider-widget\" data-id=\"fb8016a\" data-element_type=\"widget\" data-widget_type=\"webify-hero-slider-widget.default\">\n\t\t\t\t<div class=\"elementor-widget-container\">\n\t\t\t          <div class=\"tb-arrow-closest tb-poind-closest tb-slider tb-style1\">\n            <div class=\"tb-overflow-hidden\">\n              <div class=\"tb-mb-6\">\n                <div class=\"slick-container\" data-delay=\"\" data-autoplay=\"0\" data-loop=\"1\" data-speed=\"600\" data-center=\"0\" data-slides-per-view=\"1\">\n                  <div class=\"slick-wrapper\">\n\n                                          <div class=\"slick-slide\">\n                        <div class=\"tb-hero tb-style4 has-overlay tb-flex\">\n                        <div class=\"tb-hero-bg tb-bg\" style=\"background-image: url(https:\/\/bnarquitectos.com\/wp-content\/uploads\/2023\/07\/Portada-Caso-de-Estudio-02.jpg);\"><\/div>\n                          <div class=\"container\">\n                            <div class=\"row\">\n                              <div class=\"col-lg-12\">\n                                <div class=\"tb-hero-text\">\n                                  <h1 class=\"tb-hero-title tb-white-c tb-f60-lg tb-f38-sm tb-font-name tb-m0\">Redefinimos las formas <br> de vivir los espacios<\/h1>\n                                  <div class=\"empty-space marg-lg-b5\"><\/div>\n                                  <div class=\"tb-hero-subtitle tb-white-c tb-f18-lg tb-line1-6 tb-mb2\">Reforma de obra<\/div>\n                                  <div class=\"empty-space marg-lg-b30 marg-sm-b30\"><\/div>\n                                                                      <div class=\"tb-hero-btn\">\n                                      <a href=\"http:\/\/bnarquitectos.com\/en\/casos_de_estudio\/redefinimos-las-formas-de-vivir-los-espacios\/\" target=\"_self\" class=\"tb-btn-primary tb-btn tb-style4 tb-color1\">View case study<\/a>\n                                    <\/div>\n                                                                  <\/div>\n                              <\/div>\n                            <\/div>\n                          <\/div>\n                        <\/div>\n                      <\/div><!-- .slick-slide -->\n                                          <div class=\"slick-slide\">\n                        <div class=\"tb-hero tb-style4 has-overlay tb-flex\">\n                        <div class=\"tb-hero-bg tb-bg\" style=\"background-image: url(https:\/\/bnarquitectos.com\/wp-content\/uploads\/2025\/05\/Portada-Caso-de-Estudio-03.jpg);\"><\/div>\n                          <div class=\"container\">\n                            <div class=\"row\">\n                              <div class=\"col-lg-12\">\n                                <div class=\"tb-hero-text\">\n                                  <h1 class=\"tb-hero-title tb-white-c tb-f60-lg tb-f38-sm tb-font-name tb-m0\">Implementaci\u00f3n BIM <br> Archivo del Poder Judicial<\/h1>\n                                  <div class=\"empty-space marg-lg-b5\"><\/div>\n                                  <div class=\"tb-hero-subtitle tb-white-c tb-f18-lg tb-line1-6 tb-mb2\">Gesti\u00f3n Digital en obra p\u00fablica<\/div>\n                                  <div class=\"empty-space marg-lg-b30 marg-sm-b30\"><\/div>\n                                                                      <div class=\"tb-hero-btn\">\n                                      <a href=\"https:\/\/bnarquitectos.com\/en\/?post_type=casos_de_estudio&#038;p=2472&#038;preview=true\" target=\"_self\" class=\"tb-btn-primary tb-btn tb-style4 tb-color1\">View case study<\/a>\n                                    <\/div>\n                                                                  <\/div>\n                              <\/div>\n                            <\/div>\n                          <\/div>\n                        <\/div>\n                      <\/div><!-- .slick-slide -->\n                                          <div class=\"slick-slide\">\n                        <div class=\"tb-hero tb-style4 has-overlay tb-flex\">\n                        <div class=\"tb-hero-bg tb-bg\" style=\"background-image: url(https:\/\/bnarquitectos.com\/wp-content\/uploads\/2020\/05\/hero-img-caso-de-estudio-01.jpg);\"><\/div>\n                          <div class=\"container\">\n                            <div class=\"row\">\n                              <div class=\"col-lg-12\">\n                                <div class=\"tb-hero-text\">\n                                  <h1 class=\"tb-hero-title tb-white-c tb-f60-lg tb-f38-sm tb-font-name tb-m0 translation-block\">We transform a disused space into an articulated suite<\/h1>\n                                  <div class=\"empty-space marg-lg-b5\"><\/div>\n                                  <div class=\"tb-hero-subtitle tb-white-c tb-f18-lg tb-line1-6 tb-mb2\">Reform<\/div>\n                                  <div class=\"empty-space marg-lg-b30 marg-sm-b30\"><\/div>\n                                                                      <div class=\"tb-hero-btn\">\n                                      <a href=\"http:\/\/bnarquitectos.com\/en\/casos_de_estudio\/transformamos-un-espacio-en-desuso\/\" target=\"_self\" class=\"tb-btn-primary tb-btn tb-style4 tb-color1\">View case study<\/a>\n                                    <\/div>\n                                                                  <\/div>\n                              <\/div>\n                            <\/div>\n                          <\/div>\n                        <\/div>\n                      <\/div><!-- .slick-slide -->\n                                          <div class=\"slick-slide\">\n                        <div class=\"tb-hero tb-style4 has-overlay tb-flex\">\n                        <div class=\"tb-hero-bg tb-bg\" style=\"background-image: url(https:\/\/bnarquitectos.com\/wp-content\/uploads\/2020\/05\/hero-img-caso-de-estudio-02.jpg);\"><\/div>\n                          <div class=\"container\">\n                            <div class=\"row\">\n                              <div class=\"col-lg-12\">\n                                <div class=\"tb-hero-text\">\n                                  <h1 class=\"tb-hero-title tb-white-c tb-f60-lg tb-f38-sm tb-font-name tb-m0\">Inspirando nuevas formas <br>de trabajo en el \u00e1mbito profesional<\/h1>\n                                  <div class=\"empty-space marg-lg-b5\"><\/div>\n                                  <div class=\"tb-hero-subtitle tb-white-c tb-f18-lg tb-line1-6 tb-mb2\">Oficinas<\/div>\n                                  <div class=\"empty-space marg-lg-b30 marg-sm-b30\"><\/div>\n                                                                      <div class=\"tb-hero-btn\">\n                                      <a href=\"http:\/\/bnarquitectos.com\/en\/casos_de_estudio\/inspirando-nuevas-formas-de-trabajo\/\" target=\"_self\" class=\"tb-btn-primary tb-btn tb-style4 tb-color1\">View case study<\/a>\n                                    <\/div>\n                                                                  <\/div>\n                              <\/div>\n                            <\/div>\n                          <\/div>\n                        <\/div>\n                      <\/div><!-- .slick-slide -->\n                    \n\n                  <\/div>\n                <\/div><!-- .slick-container -->\n              <\/div>\n            <\/div>\n            <div class=\"pagination tb-style2 hidden\"><\/div> <!-- If dont need Pagination then add class .hidden -->\n            <div class=\"swipe-arrow tb-style3\"> <!-- If dont need navigation then add class .tb-hidden -->\n              <div class=\"slick-arrow-left\"><i class=\"fa fa-angle-left\"><\/i><\/div>\n              <div class=\"slick-arrow-right\"><i class=\"fa fa-angle-right\"><\/i><\/div>\n            <\/div>\n          <\/div>\n          \t\t<\/div>\n\t\t\t\t<\/div>\n\t\t\t\t\t\t<\/div>\n\t\t\t\t\t<\/div>\n\t\t<\/div>\n\t\t\t\t\t\t\t\t<\/div>\n\t\t\t\t\t<\/div>\n\t\t<\/section>\n\t\t\t\t<section class=\"elementor-section elementor-inner-section elementor-element elementor-element-6693178 elementor-section-full_width elementor-section-height-default elementor-section-height-default\" data-id=\"6693178\" data-element_type=\"section\">\n\t\t\t\t\t\t<div class=\"elementor-container elementor-column-gap-default\">\n\t\t\t\t\t\t\t<div class=\"elementor-row\">\n\t\t\t\t\t<div class=\"elementor-column elementor-col-66 elementor-inner-column elementor-element elementor-element-26570b7\" data-id=\"26570b7\" data-element_type=\"column\">\n\t\t\t<div class=\"elementor-column-wrap elementor-element-populated\">\n\t\t\t\t\t\t\t<div class=\"elementor-widget-wrap\">\n\t\t\t\t\t\t<div class=\"elementor-element elementor-element-d4867ce elementor-widget elementor-widget-heading\" data-id=\"d4867ce\" data-element_type=\"widget\" data-widget_type=\"heading.default\">\n\t\t\t\t<div class=\"elementor-widget-container\">\n\t\t\t<h3 class=\"elementor-heading-title elementor-size-medium\">Blog<\/h3>\t\t<\/div>\n\t\t\t\t<\/div>\n\t\t\t\t<div class=\"elementor-element elementor-element-a28b82b elementor-widget elementor-widget-spacer\" data-id=\"a28b82b\" data-element_type=\"widget\" data-widget_type=\"spacer.default\">\n\t\t\t\t<div class=\"elementor-widget-container\">\n\t\t\t\t\t<div class=\"elementor-spacer\">\n\t\t\t<div class=\"elementor-spacer-inner\"><\/div>\n\t\t<\/div>\n\t\t\t\t<\/div>\n\t\t\t\t<\/div>\n\t\t\t\t<div class=\"elementor-element elementor-element-3f770a3 elementor-grid-eael-col-3 elementor-grid-tablet-eael-col-1 elementor-grid-mobile-eael-col-1 elementor-widget elementor-widget-eael-post-grid\" data-id=\"3f770a3\" data-element_type=\"widget\" data-settings=\"{&quot;eael_post_grid_columns&quot;:&quot;eael-col-3&quot;,&quot;eael_post_grid_columns_tablet&quot;:&quot;eael-col-1&quot;,&quot;eael_post_grid_columns_mobile&quot;:&quot;eael-col-1&quot;}\" data-widget_type=\"eael-post-grid.default\">\n\t\t\t\t<div class=\"elementor-widget-container\">\n\t\t\t<div id=\"eael-post-grid-3f770a3\" class=\"eael-post-grid-container\">\n            <div class=\"eael-post-grid eael-post-appender eael-post-appender-3f770a3 eael-post-grid-style-default\" data-layout-mode=\"grid\"><article class=\"eael-grid-post eael-post-grid-column\" data-id=\"2635\">\n        <div class=\"eael-grid-post-holder\">\n            <div class=\"eael-grid-post-holder-inner\"><div class=\"eael-entry-wrapper\"><header class=\"eael-entry-header\"><h2 class=\"eael-entry-title\"><a\n                        class=\"eael-grid-post-link\"\n                        href=\"https:\/\/bnarquitectos.com\/en\/ensalada-rusa-bim-2\/\"\n                        title=\"Ensalada rusa BIM: Aproximaci\u00f3n a la implementaci\u00f3n BIM\">Ensalada rusa BIM: Aproximaci\u00f3n a la implementaci\u00f3n BIM<\/a><\/h2><\/header><div class=\"eael-entry-content\">\n                        <div class=\"eael-grid-post-excerpt\"><p>La implementaci\u00f3n de la metodolog\u00eda no es s\u00f3lo una elecci\u00f3n...<\/p><a\n                            href=\"https:\/\/bnarquitectos.com\/en\/ensalada-rusa-bim-2\/\"\n                            class=\"eael-post-elements-readmore-btn\">Ver m\u00e1s<\/a><\/div>\n                    <\/div><\/div><\/div>\n        <\/div>\n    <\/article><article class=\"eael-grid-post eael-post-grid-column\" data-id=\"2648\">\n        <div class=\"eael-grid-post-holder\">\n            <div class=\"eael-grid-post-holder-inner\"><div class=\"eael-entry-wrapper\"><header class=\"eael-entry-header\"><h2 class=\"eael-entry-title\"><a\n                        class=\"eael-grid-post-link\"\n                        href=\"https:\/\/bnarquitectos.com\/en\/implementacion-de-la-metodologia-bim-en-los-estudios-santafesinos\/\"\n                        title=\"BIM y su Impacto Local. La implementaci\u00f3n de la Metodolog\u00eda BIM en los Estudios Locales\">BIM y su Impacto Local. La implementaci\u00f3n de la Metodolog\u00eda BIM en los Estudios Locales<\/a><\/h2><\/header><div class=\"eael-entry-content\">\n                        <div class=\"eael-grid-post-excerpt\"><p>Quienes implementan BIM en Santa Fe destacan que los principales\u00a0...<\/p><a\n                            href=\"https:\/\/bnarquitectos.com\/en\/implementacion-de-la-metodologia-bim-en-los-estudios-santafesinos\/\"\n                            class=\"eael-post-elements-readmore-btn\">Ver m\u00e1s<\/a><\/div>\n                    <\/div><\/div><\/div>\n        <\/div>\n    <\/article><article class=\"eael-grid-post eael-post-grid-column\" data-id=\"2145\">\n        <div class=\"eael-grid-post-holder\">\n            <div class=\"eael-grid-post-holder-inner\"><div class=\"eael-entry-wrapper\"><header class=\"eael-entry-header\"><h2 class=\"eael-entry-title\"><a\n                        class=\"eael-grid-post-link\"\n                        href=\"https:\/\/bnarquitectos.com\/en\/que-terreno-debo-comprar-para-hacer-mi-casa\/\"\n                        title=\"\u00bfQu\u00e9 terreno debo comprar para hacer mi casa?\">\u00bfQu\u00e9 terreno debo comprar para hacer mi casa?<\/a><\/h2><\/header><div class=\"eael-entry-content\">\n                        <div class=\"eael-grid-post-excerpt\"><p>Elegir el terreno para hacer nuestra vivienda es quiz\u00e1s la...<\/p><a\n                            href=\"https:\/\/bnarquitectos.com\/en\/que-terreno-debo-comprar-para-hacer-mi-casa\/\"\n                            class=\"eael-post-elements-readmore-btn\">Ver m\u00e1s<\/a><\/div>\n                    <\/div><\/div><\/div>\n        <\/div>\n    <\/article><\/div>\n            <div class=\"clearfix\"><\/div>\n        <\/div>            <div class=\"eael-load-more-button-wrap eael-force-hide\">\n                <button class=\"eael-load-more-button\" id=\"eael-load-more-btn-3f770a3\" data-widget-id=\"3f770a3\" data-widget=\"3f770a3\" data-page-id=\"609\" data-nonce=\"60ca5d3e99\" data-template=\"{&quot;dir&quot;:&quot;lite&quot;,&quot;file_name&quot;:&quot;default.php&quot;,&quot;name&quot;:&quot;Post-Grid&quot;}\" data-class=\"Essential_Addons_Elementor\\Elements\\Post_Grid\" data-layout=\"grid\" data-page=\"1\" data-args=\"orderby=date&amp;order=desc&amp;ignore_sticky_posts=1&amp;post_status=publish&amp;posts_per_page=3&amp;offset=0&amp;post_type=post\" data-max-page=\"3\">\n                    <div class=\"eael-btn-loader button__loader\"><\/div>\n                    <span>Load More<\/span>\n                <\/button>\n            <\/div>\n        \t\t<\/div>\n\t\t\t\t<\/div>\n\t\t\t\t\t\t<\/div>\n\t\t\t\t\t<\/div>\n\t\t<\/div>\n\t\t\t\t<div class=\"elementor-column elementor-col-33 elementor-inner-column elementor-element elementor-element-c1bccd0\" data-id=\"c1bccd0\" data-element_type=\"column\" data-settings=\"{&quot;background_background&quot;:&quot;classic&quot;}\">\n\t\t\t<div class=\"elementor-column-wrap elementor-element-populated\">\n\t\t\t\t\t\t\t<div class=\"elementor-widget-wrap\">\n\t\t\t\t\t\t<div class=\"elementor-element elementor-element-ba53784 elementor-widget elementor-widget-heading\" data-id=\"ba53784\" data-element_type=\"widget\" data-widget_type=\"heading.default\">\n\t\t\t\t<div class=\"elementor-widget-container\">\n\t\t\t<h3 class=\"elementor-heading-title elementor-size-medium\">Redes<\/h3>\t\t<\/div>\n\t\t\t\t<\/div>\n\t\t\t\t<div class=\"elementor-element elementor-element-84c430a elementor-widget elementor-widget-spacer\" data-id=\"84c430a\" data-element_type=\"widget\" data-widget_type=\"spacer.default\">\n\t\t\t\t<div class=\"elementor-widget-container\">\n\t\t\t\t\t<div class=\"elementor-spacer\">\n\t\t\t<div class=\"elementor-spacer-inner\"><\/div>\n\t\t<\/div>\n\t\t\t\t<\/div>\n\t\t\t\t<\/div>\n\t\t\t\t<div class=\"elementor-element elementor-element-5a085e7 elementor-widget elementor-widget-text-editor\" data-id=\"5a085e7\" data-element_type=\"widget\" data-widget_type=\"text-editor.default\">\n\t\t\t\t<div class=\"elementor-widget-container\">\n\t\t\t\t\t\t\t\t<div class=\"elementor-text-editor elementor-clearfix\">\n\t\t\t\tBuscanos en nuestras redes:\t\t\t\t\t<\/div>\n\t\t\t\t\t\t<\/div>\n\t\t\t\t<\/div>\n\t\t\t\t<div class=\"elementor-element elementor-element-9df37d3 elementor-shape-square e-grid-align-left elementor-grid-0 elementor-widget elementor-widget-social-icons\" data-id=\"9df37d3\" data-element_type=\"widget\" data-widget_type=\"social-icons.default\">\n\t\t\t\t<div class=\"elementor-widget-container\">\n\t\t\t\t\t<div class=\"elementor-social-icons-wrapper elementor-grid\">\n\t\t\t\t\t\t\t<span class=\"elementor-grid-item\">\n\t\t\t\t\t<a class=\"elementor-icon elementor-social-icon elementor-social-icon- elementor-animation-float elementor-repeater-item-73673d5\" href=\"https:\/\/www.facebook.com\/BERTONENIEVAARQ\/\" target=\"_blank\">\n\t\t\t\t\t\t<span class=\"elementor-screen-only\"><\/span>\n\t\t\t\t\t\t<svg xmlns=\"http:\/\/www.w3.org\/2000\/svg\" width=\"13\" height=\"25\" viewbox=\"0 0 13 25\" fill=\"none\"><path d=\"M8.0002 24.8516V13.9048H11.6324L12.1773 9.63744H8.0002V6.91333C8.0002 5.6782 8.33799 4.83648 10.0915 4.83648L12.3243 4.83555V1.01864C11.9382 0.967897 10.6127 0.851562 9.07003 0.851562C5.84862 0.851562 3.64319 2.83992 3.64319 6.49069V9.63744H0V13.9048H3.64319V24.8516H8.0002Z\" fill=\"#323232\"><\/path><\/svg>\t\t\t\t\t<\/a>\n\t\t\t\t<\/span>\n\t\t\t\t\t\t\t<span class=\"elementor-grid-item\">\n\t\t\t\t\t<a class=\"elementor-icon elementor-social-icon elementor-social-icon- elementor-animation-float elementor-repeater-item-4493a75\" href=\"https:\/\/www.instagram.com\/bertone.nieva.arquitectos\/\" target=\"_blank\">\n\t\t\t\t\t\t<span class=\"elementor-screen-only\"><\/span>\n\t\t\t\t\t\t<svg xmlns=\"http:\/\/www.w3.org\/2000\/svg\" width=\"24\" height=\"25\" viewbox=\"0 0 24 25\" fill=\"none\"><path d=\"M17.3767 0.851562H6.62299C2.97108 0.851562 0 3.82278 0 7.47469V18.2284C0 21.8805 2.97108 24.8516 6.62299 24.8516H17.3767C21.0289 24.8516 24 21.8803 24 18.2284V7.47469C24.0001 3.82278 21.0289 0.851562 17.3767 0.851562ZM21.8707 18.2284C21.8707 20.7063 19.8548 22.7222 17.3769 22.7222H6.62299C4.14522 22.7223 2.1294 20.7063 2.1294 18.2284V7.47469C2.1294 4.99693 4.14522 2.98096 6.62299 2.98096H17.3767C19.8546 2.98096 21.8706 4.99693 21.8706 7.47469L21.8707 18.2284Z\" fill=\"#323232\"><\/path><path d=\"M12.0001 6.6683C8.59007 6.6683 5.8159 9.44248 5.8159 12.8525C5.8159 16.2624 8.59007 19.0364 12.0001 19.0364C15.4101 19.0364 18.1843 16.2624 18.1843 12.8525C18.1843 9.44248 15.4101 6.6683 12.0001 6.6683ZM12.0001 16.9069C9.76436 16.9069 7.94529 15.0881 7.94529 12.8524C7.94529 10.6165 9.76422 8.79755 12.0001 8.79755C14.236 8.79755 16.0549 10.6165 16.0549 12.8524C16.0549 15.0881 14.2358 16.9069 12.0001 16.9069Z\" fill=\"#323232\"><\/path><path d=\"M18.4437 4.86241C18.0334 4.86241 17.6304 5.0285 17.3407 5.31952C17.0495 5.60912 16.8822 6.01228 16.8822 6.42397C16.8822 6.83437 17.0497 7.2374 17.3407 7.52841C17.6303 7.81801 18.0334 7.98552 18.4437 7.98552C18.8554 7.98552 19.2571 7.81801 19.5482 7.52841C19.8392 7.2374 20.0053 6.83423 20.0053 6.42397C20.0053 6.01228 19.8392 5.60912 19.5482 5.31952C19.2586 5.0285 18.8554 4.86241 18.4437 4.86241Z\" fill=\"#323232\"><\/path><\/svg>\t\t\t\t\t<\/a>\n\t\t\t\t<\/span>\n\t\t\t\t\t<\/div>\n\t\t\t\t<\/div>\n\t\t\t\t<\/div>\n\t\t\t\t\t\t<\/div>\n\t\t\t\t\t<\/div>\n\t\t<\/div>\n\t\t\t\t\t\t\t\t<\/div>\n\t\t\t\t\t<\/div>\n\t\t<\/section>\n\t\t\t\t<div class=\"elementor-element elementor-element-b984670 elementor-widget elementor-widget-spacer\" data-id=\"b984670\" data-element_type=\"widget\" data-widget_type=\"spacer.default\">\n\t\t\t\t<div class=\"elementor-widget-container\">\n\t\t\t\t\t<div class=\"elementor-spacer\">\n\t\t\t<div class=\"elementor-spacer-inner\"><\/div>\n\t\t<\/div>\n\t\t\t\t<\/div>\n\t\t\t\t<\/div>\n\t\t\t\t\t\t<\/div>\n\t\t\t\t\t<\/div>\n\t\t<\/div>\n\t\t\t\t\t\t\t\t<\/div>\n\t\t\t\t\t<\/div>\n\t\t<\/section>\n\t\t\t\t\t\t\t\t\t<\/div>\n\t\t\t<\/div>\n\t\t\t\t\t<\/div>","protected":false},"excerpt":{"rendered":"<p>Redefinimos las formas de vivir los espacios Reforma de obra Ver caso de estudio Implementaci\u00f3n BIM Archivo del Poder Judicial Gesti\u00f3n Digital en obra p\u00fablica Ver caso de estudio Transformamos un espacio en desuso en una suite articulada Reforma de Obra Ver caso de estudio Inspirando nuevas formas de trabajo en el \u00e1mbito profesional Oficinas [&hellip;]<\/p>","protected":false},"author":1,"featured_media":0,"parent":0,"menu_order":0,"comment_status":"closed","ping_status":"closed","template":"","meta":[],"_links":{"self":[{"href":"https:\/\/bnarquitectos.com\/en\/wp-json\/wp\/v2\/pages\/609"}],"collection":[{"href":"https:\/\/bnarquitectos.com\/en\/wp-json\/wp\/v2\/pages"}],"about":[{"href":"https:\/\/bnarquitectos.com\/en\/wp-json\/wp\/v2\/types\/page"}],"author":[{"embeddable":true,"href":"https:\/\/bnarquitectos.com\/en\/wp-json\/wp\/v2\/users\/1"}],"replies":[{"embeddable":true,"href":"https:\/\/bnarquitectos.com\/en\/wp-json\/wp\/v2\/comments?post=609"}],"version-history":[{"count":180,"href":"https:\/\/bnarquitectos.com\/en\/wp-json\/wp\/v2\/pages\/609\/revisions"}],"predecessor-version":[{"id":2874,"href":"https:\/\/bnarquitectos.com\/en\/wp-json\/wp\/v2\/pages\/609\/revisions\/2874"}],"wp:attachment":[{"href":"https:\/\/bnarquitectos.com\/en\/wp-json\/wp\/v2\/media?parent=609"}],"curies":[{"name":"wp","href":"https:\/\/api.w.org\/{rel}","templated":true}]}}