{"id":1458,"date":"2020-05-06T23:40:55","date_gmt":"2020-05-06T23:40:55","guid":{"rendered":"http:\/\/bnarquitectos.local\/?page_id=1458"},"modified":"2023-12-26T09:55:59","modified_gmt":"2023-12-26T12:55:59","slug":"blog","status":"publish","type":"page","link":"https:\/\/bnarquitectos.com\/en\/blog\/","title":{"rendered":"Nuestra actualidad"},"content":{"rendered":"<div data-elementor-type=\"wp-page\" data-elementor-id=\"1458\" class=\"elementor elementor-1458\" data-elementor-post-type=\"page\">\n\t\t\t\t\t\t<div class=\"elementor-inner\">\n\t\t\t\t<div class=\"elementor-section-wrap\">\n\t\t\t\t\t\t\t\t\t<section class=\"elementor-section elementor-top-section elementor-element elementor-element-b24cf1a elementor-section-boxed elementor-section-height-default elementor-section-height-default\" data-id=\"b24cf1a\" data-element_type=\"section\">\n\t\t\t\t\t\t<div class=\"elementor-container elementor-column-gap-default\">\n\t\t\t\t\t\t\t<div class=\"elementor-row\">\n\t\t\t\t\t<div class=\"elementor-column elementor-col-100 elementor-top-column elementor-element elementor-element-0d3cbac\" data-id=\"0d3cbac\" data-element_type=\"column\">\n\t\t\t<div class=\"elementor-column-wrap elementor-element-populated\">\n\t\t\t\t\t\t\t<div class=\"elementor-widget-wrap\">\n\t\t\t\t\t\t<div class=\"elementor-element elementor-element-fa495bf blogbertonenieva elementor-widget elementor-widget-webify-blog-widget\" data-id=\"fa495bf\" data-element_type=\"widget\" data-widget_type=\"webify-blog-widget.default\">\n\t\t\t\t<div class=\"elementor-widget-container\">\n\t\t\t        <div class=\"tb-blog-content\">\n          <div class=\"tb-isotop tb-port-col-2 tb-has-gutter\">\n            <div class=\"tb-grid-sizer\"><\/div>\n\n                          <div class=\"tb-isotop-item tb-w100 post-2648 post type-post status-publish format-standard has-post-thumbnail hentry category-bim category-interes tag-arquitecturasantafesina tag-bim tag-cau tag-caud1 tag-caupsf tag-construccion tag-estudiodearquitectura tag-miarq tag-santafe tag-santafesina tag-santotome\">\n                <div class=\"tb-post tb-style5 tb-color1 tb-large-post\">\n                                      <div class=\"tb-zoom\">\n                      <a href=\"https:\/\/bnarquitectos.com\/en\/implementacion-de-la-metodologia-bim-en-los-estudios-santafesinos\/\" class=\"tb-post-thumb tb-zoom-in1\">\n                        <img width=\"728\" height=\"485\" src=\"https:\/\/bnarquitectos.com\/wp-content\/uploads\/2023\/12\/Portada-1-728x485.jpg\" class=\"attachment-webify-rectangle-large size-webify-rectangle-large wp-post-image\" alt=\"\" decoding=\"async\" loading=\"lazy\" srcset=\"https:\/\/bnarquitectos.com\/wp-content\/uploads\/2023\/12\/Portada-1-728x485.jpg 728w, https:\/\/bnarquitectos.com\/wp-content\/uploads\/2023\/12\/Portada-1-16x12.jpg 16w\" sizes=\"(max-width: 728px) 100vw, 728px\" \/>                      <\/a>\n                    <\/div>\n                                    <div class=\"tb-post-info\">\n                    <div class=\"tb-post-meta\">\n                      <div class=\"tb-catagory tb-style1\">\n                        <ul class=\"post-categories\">\n\t<li><a href=\"https:\/\/bnarquitectos.com\/en\/category\/bim\/\" rel=\"category tag\">BIM<\/a><\/li>\n\t<li><a href=\"https:\/\/bnarquitectos.com\/en\/category\/interes\/\" rel=\"category tag\">Inter\u00e9s<\/a><\/li><\/ul>                      <\/div>\n                    <\/div>\n                    <div class=\"empty-space marg-lg-b5\"><\/div>\n                    <h2 class=\"tb-post-title tb-36-lg  tb-m0\"><a href=\"https:\/\/bnarquitectos.com\/en\/implementacion-de-la-metodologia-bim-en-los-estudios-santafesinos\/\">BIM y su Impacto Local. La implementaci\u00f3n de la Metodolog\u00eda BIM en los Estudios Locales<\/a><\/h2>\n                    <div class=\"tb-post-label tb-style1\">\n                      <span class=\"tb-post-author-name vcard\"><a href=\"https:\/\/bnarquitectos.com\/en\/author\/bnarquitectos\/\">Bertone Nieva<\/a><\/span> \n                      <span class=\"tb-post-date\">December 20, 2023<\/span>\n                    <\/div>\n                  <\/div>\n                <\/div>\n              <\/div>\n            \n              <div class=\"tb-isotop-item post-2635 post type-post status-publish format-standard has-post-thumbnail hentry category-bim category-interes tag-arquitectos tag-arquitectosantafe tag-bim tag-caud1 tag-caupsf tag-construccion tag-miarq tag-santafe tag-santafesina tag-santotome\">\n                <div class=\"tb-post tb-style5 tb-color1\">\n                                      <div class=\"tb-zoom\">\n                      <a href=\"https:\/\/bnarquitectos.com\/en\/ensalada-rusa-bim-2\/\" class=\"tb-post-thumb tb-zoom-in1\">\n                        <img width=\"570\" height=\"392\" src=\"https:\/\/bnarquitectos.com\/wp-content\/uploads\/2023\/12\/Portada-570x392.jpg\" class=\"attachment-webify-rectangle-medium-alt size-webify-rectangle-medium-alt wp-post-image\" alt=\"\" decoding=\"async\" loading=\"lazy\" srcset=\"https:\/\/bnarquitectos.com\/wp-content\/uploads\/2023\/12\/Portada-570x392.jpg 570w, https:\/\/bnarquitectos.com\/wp-content\/uploads\/2023\/12\/Portada-18x12.jpg 18w\" sizes=\"(max-width: 570px) 100vw, 570px\" \/>                      <\/a>\n                    <\/div>\n                                    <div class=\"tb-post-info\">\n                    <div class=\"tb-catagory tb-style1\">\n                      <ul class=\"post-categories\">\n\t<li><a href=\"https:\/\/bnarquitectos.com\/en\/category\/bim\/\" rel=\"category tag\">BIM<\/a><\/li>\n\t<li><a href=\"https:\/\/bnarquitectos.com\/en\/category\/interes\/\" rel=\"category tag\">Inter\u00e9s<\/a><\/li><\/ul>                    <\/div>\n                    <div class=\"empty-space marg-lg-b5\"><\/div>\n                    <h2 class=\"tb-post-title tb-f18-lg  tb-m0\"><a href=\"https:\/\/bnarquitectos.com\/en\/ensalada-rusa-bim-2\/\">Ensalada rusa BIM: Aproximaci\u00f3n a la implementaci\u00f3n BIM<\/a><\/h2>\n                    <div class=\"tb-post-label tb-style1\">\n                      <span class=\"tb-post-author-name vcard\"><a href=\"https:\/\/bnarquitectos.com\/en\/author\/bnarquitectos\/\">Bertone Nieva<\/a><\/span> \n                      <span class=\"tb-post-date\">December 26, 2023<\/span>\n                    <\/div>\n                  <\/div>\n                <\/div>\n              <\/div>\n            \n              <div class=\"tb-isotop-item post-2145 post type-post status-publish format-standard has-post-thumbnail hentry category-interes tag-arquitectos tag-busqueda-de-loteos tag-busqueda-de-terrenos tag-compra-terreno tag-compro-terreno tag-construccion tag-disenoarquitectonico tag-loteo tag-proyecto tag-santa-fe tag-terreno tag-venta-de-lote tag-venta-de-terreno\">\n                <div class=\"tb-post tb-style5 tb-color1\">\n                                      <div class=\"tb-zoom\">\n                      <a href=\"https:\/\/bnarquitectos.com\/en\/que-terreno-debo-comprar-para-hacer-mi-casa\/\" class=\"tb-post-thumb tb-zoom-in1\">\n                        <img width=\"570\" height=\"392\" src=\"https:\/\/bnarquitectos.com\/wp-content\/uploads\/2020\/08\/Loteo-1-570x392.jpg\" class=\"attachment-webify-rectangle-medium-alt size-webify-rectangle-medium-alt wp-post-image\" alt=\"\" decoding=\"async\" loading=\"lazy\" \/>                      <\/a>\n                    <\/div>\n                                    <div class=\"tb-post-info\">\n                    <div class=\"tb-catagory tb-style1\">\n                      <ul class=\"post-categories\">\n\t<li><a href=\"https:\/\/bnarquitectos.com\/en\/category\/interes\/\" rel=\"category tag\">Inter\u00e9s<\/a><\/li><\/ul>                    <\/div>\n                    <div class=\"empty-space marg-lg-b5\"><\/div>\n                    <h2 class=\"tb-post-title tb-f18-lg  tb-m0\"><a href=\"https:\/\/bnarquitectos.com\/en\/que-terreno-debo-comprar-para-hacer-mi-casa\/\">\u00bfQu\u00e9 terreno debo comprar para hacer mi casa?<\/a><\/h2>\n                    <div class=\"tb-post-label tb-style1\">\n                      <span class=\"tb-post-author-name vcard\"><a href=\"https:\/\/bnarquitectos.com\/en\/author\/bnarquitectos\/\">Bertone Nieva<\/a><\/span> \n                      <span class=\"tb-post-date\">August 1, 2020<\/span>\n                    <\/div>\n                  <\/div>\n                <\/div>\n              <\/div>\n            \n              <div class=\"tb-isotop-item post-213 post type-post status-publish format-standard has-post-thumbnail hentry category-interes\">\n                <div class=\"tb-post tb-style5 tb-color1\">\n                                      <div class=\"tb-zoom\">\n                      <a href=\"https:\/\/bnarquitectos.com\/en\/cortinas-para-dividir-espacios\/\" class=\"tb-post-thumb tb-zoom-in1\">\n                        <img width=\"570\" height=\"392\" src=\"https:\/\/bnarquitectos.com\/wp-content\/uploads\/2019\/07\/l9qpabikkhw-570x392.jpg\" class=\"attachment-webify-rectangle-medium-alt size-webify-rectangle-medium-alt wp-post-image\" alt=\"\" decoding=\"async\" loading=\"lazy\" \/>                      <\/a>\n                    <\/div>\n                                    <div class=\"tb-post-info\">\n                    <div class=\"tb-catagory tb-style1\">\n                      <ul class=\"post-categories\">\n\t<li><a href=\"https:\/\/bnarquitectos.com\/en\/category\/interes\/\" rel=\"category tag\">Inter\u00e9s<\/a><\/li><\/ul>                    <\/div>\n                    <div class=\"empty-space marg-lg-b5\"><\/div>\n                    <h2 class=\"tb-post-title tb-f18-lg  tb-m0\"><a href=\"https:\/\/bnarquitectos.com\/en\/cortinas-para-dividir-espacios\/\">Cortinas para una arquitectura fluida y adaptable<\/a><\/h2>\n                    <div class=\"tb-post-label tb-style1\">\n                      <span class=\"tb-post-author-name vcard\"><a href=\"https:\/\/bnarquitectos.com\/en\/author\/rowen\/\">Rowen<\/a><\/span> \n                      <span class=\"tb-post-date\">April 15, 2019<\/span>\n                    <\/div>\n                  <\/div>\n                <\/div>\n              <\/div>\n            \n              <div class=\"tb-isotop-item post-214 post type-post status-publish format-standard has-post-thumbnail hentry category-interes\">\n                <div class=\"tb-post tb-style5 tb-color1\">\n                                      <div class=\"tb-zoom\">\n                      <a href=\"https:\/\/bnarquitectos.com\/en\/espacios-del-futuro\/\" class=\"tb-post-thumb tb-zoom-in1\">\n                        <img width=\"570\" height=\"392\" src=\"https:\/\/bnarquitectos.com\/wp-content\/uploads\/2019\/04\/Blog-post-portada-de-ejemplo-02-570x392.jpg\" class=\"attachment-webify-rectangle-medium-alt size-webify-rectangle-medium-alt wp-post-image\" alt=\"\" decoding=\"async\" loading=\"lazy\" \/>                      <\/a>\n                    <\/div>\n                                    <div class=\"tb-post-info\">\n                    <div class=\"tb-catagory tb-style1\">\n                      <ul class=\"post-categories\">\n\t<li><a href=\"https:\/\/bnarquitectos.com\/en\/category\/interes\/\" rel=\"category tag\">Inter\u00e9s<\/a><\/li><\/ul>                    <\/div>\n                    <div class=\"empty-space marg-lg-b5\"><\/div>\n                    <h2 class=\"tb-post-title tb-f18-lg  tb-m0\"><a href=\"https:\/\/bnarquitectos.com\/en\/espacios-del-futuro\/\">\u00bfQu\u00e9 esperamos de los espacios interiores del futuro?<\/a><\/h2>\n                    <div class=\"tb-post-label tb-style1\">\n                      <span class=\"tb-post-author-name vcard\"><a href=\"https:\/\/bnarquitectos.com\/en\/author\/rowen\/\">Rowen<\/a><\/span> \n                      <span class=\"tb-post-date\">April 15, 2019<\/span>\n                    <\/div>\n                  <\/div>\n                <\/div>\n              <\/div>\n            \n              <div class=\"tb-isotop-item post-215 post type-post status-publish format-standard has-post-thumbnail hentry category-interes\">\n                <div class=\"tb-post tb-style5 tb-color1\">\n                                      <div class=\"tb-zoom\">\n                      <a href=\"https:\/\/bnarquitectos.com\/en\/the-thin-blur-line-between-corporate-lifestyle-other-things\/\" class=\"tb-post-thumb tb-zoom-in1\">\n                        <img width=\"570\" height=\"392\" src=\"https:\/\/bnarquitectos.com\/wp-content\/uploads\/2019\/04\/Blog-post-portada-de-ejemplo-01-570x392.jpg\" class=\"attachment-webify-rectangle-medium-alt size-webify-rectangle-medium-alt wp-post-image\" alt=\"\" decoding=\"async\" loading=\"lazy\" \/>                      <\/a>\n                    <\/div>\n                                    <div class=\"tb-post-info\">\n                    <div class=\"tb-catagory tb-style1\">\n                      <ul class=\"post-categories\">\n\t<li><a href=\"https:\/\/bnarquitectos.com\/en\/category\/interes\/\" rel=\"category tag\">Inter\u00e9s<\/a><\/li><\/ul>                    <\/div>\n                    <div class=\"empty-space marg-lg-b5\"><\/div>\n                    <h2 class=\"tb-post-title tb-f18-lg  tb-m0\"><a href=\"https:\/\/bnarquitectos.com\/en\/the-thin-blur-line-between-corporate-lifestyle-other-things\/\">\u00bfC\u00f3mo elegir el terreno indicado para construir?<\/a><\/h2>\n                    <div class=\"tb-post-label tb-style1\">\n                      <span class=\"tb-post-author-name vcard\"><a href=\"https:\/\/bnarquitectos.com\/en\/author\/rowen\/\">Rowen<\/a><\/span> \n                      <span class=\"tb-post-date\">April 15, 2019<\/span>\n                    <\/div>\n                  <\/div>\n                <\/div>\n              <\/div>\n            \n              <div class=\"tb-isotop-item post-1678 post type-post status-publish format-standard has-post-thumbnail hentry category-interes\">\n                <div class=\"tb-post tb-style5 tb-color1\">\n                                      <div class=\"tb-zoom\">\n                      <a href=\"https:\/\/bnarquitectos.com\/en\/actividades-virtuales-semana-arquitectura-2020\/\" class=\"tb-post-thumb tb-zoom-in1\">\n                        <img width=\"570\" height=\"392\" src=\"https:\/\/bnarquitectos.com\/wp-content\/uploads\/2020\/05\/Blog-post-portada-de-ejemplo-06-570x392.jpg\" class=\"attachment-webify-rectangle-medium-alt size-webify-rectangle-medium-alt wp-post-image\" alt=\"\" decoding=\"async\" loading=\"lazy\" \/>                      <\/a>\n                    <\/div>\n                                    <div class=\"tb-post-info\">\n                    <div class=\"tb-catagory tb-style1\">\n                      <ul class=\"post-categories\">\n\t<li><a href=\"https:\/\/bnarquitectos.com\/en\/category\/interes\/\" rel=\"category tag\">Inter\u00e9s<\/a><\/li><\/ul>                    <\/div>\n                    <div class=\"empty-space marg-lg-b5\"><\/div>\n                    <h2 class=\"tb-post-title tb-f18-lg  tb-m0\"><a href=\"https:\/\/bnarquitectos.com\/en\/actividades-virtuales-semana-arquitectura-2020\/\">Actividades virtuales en la Semana de la Arquitectura 2020<\/a><\/h2>\n                    <div class=\"tb-post-label tb-style1\">\n                      <span class=\"tb-post-author-name vcard\"><a href=\"https:\/\/bnarquitectos.com\/en\/author\/rowen\/\">Rowen<\/a><\/span> \n                      <span class=\"tb-post-date\">May 12, 2020<\/span>\n                    <\/div>\n                  <\/div>\n                <\/div>\n              <\/div>\n            \n          <\/div>\n                  <\/div>\n        \t\t<\/div>\n\t\t\t\t<\/div>\n\t\t\t\t\t\t<\/div>\n\t\t\t\t\t<\/div>\n\t\t<\/div>\n\t\t\t\t\t\t\t\t<\/div>\n\t\t\t\t\t<\/div>\n\t\t<\/section>\n\t\t\t\t\t\t\t\t\t<\/div>\n\t\t\t<\/div>\n\t\t\t\t\t<\/div>","protected":false},"excerpt":{"rendered":"<p>Inter\u00e9s Webinars gratis para profundizar en software, arquitectura y materiales Rowen mayo 12, 2020 Inter\u00e9s C\u00f3mo aprovechar espacios peque\u00f1os con camas plegables Rowen mayo 12, 2020 Inter\u00e9s La est\u00e9tica contradictoria de las fachadas oxidadas Rowen mayo 12, 2020 Inter\u00e9s Cortinas para una arquitectura fluida y adaptable Rowen abril 15, 2019 Inter\u00e9s \u00bfQu\u00e9 esperamos de los [&hellip;]<\/p>","protected":false},"author":1,"featured_media":0,"parent":0,"menu_order":0,"comment_status":"closed","ping_status":"closed","template":"","meta":[],"_links":{"self":[{"href":"https:\/\/bnarquitectos.com\/en\/wp-json\/wp\/v2\/pages\/1458"}],"collection":[{"href":"https:\/\/bnarquitectos.com\/en\/wp-json\/wp\/v2\/pages"}],"about":[{"href":"https:\/\/bnarquitectos.com\/en\/wp-json\/wp\/v2\/types\/page"}],"author":[{"embeddable":true,"href":"https:\/\/bnarquitectos.com\/en\/wp-json\/wp\/v2\/users\/1"}],"replies":[{"embeddable":true,"href":"https:\/\/bnarquitectos.com\/en\/wp-json\/wp\/v2\/comments?post=1458"}],"version-history":[{"count":23,"href":"https:\/\/bnarquitectos.com\/en\/wp-json\/wp\/v2\/pages\/1458\/revisions"}],"predecessor-version":[{"id":1989,"href":"https:\/\/bnarquitectos.com\/en\/wp-json\/wp\/v2\/pages\/1458\/revisions\/1989"}],"wp:attachment":[{"href":"https:\/\/bnarquitectos.com\/en\/wp-json\/wp\/v2\/media?parent=1458"}],"curies":[{"name":"wp","href":"https:\/\/api.w.org\/{rel}","templated":true}]}}