{"id":1105,"date":"2020-04-29T13:26:10","date_gmt":"2020-04-29T13:26:10","guid":{"rendered":"http:\/\/bnarquitectos.local\/?page_id=1105"},"modified":"2021-04-19T21:02:41","modified_gmt":"2021-04-20T00:02:41","slug":"nosotros","status":"publish","type":"page","link":"https:\/\/bnarquitectos.com\/en\/nosotros\/","title":{"rendered":"Nosotros"},"content":{"rendered":"<div data-elementor-type=\"wp-page\" data-elementor-id=\"1105\" class=\"elementor elementor-1105\" data-elementor-post-type=\"page\">\n\t\t\t\t\t\t<div class=\"elementor-inner\">\n\t\t\t\t<div class=\"elementor-section-wrap\">\n\t\t\t\t\t\t\t\t\t<section class=\"elementor-section elementor-top-section elementor-element elementor-element-d2f9d5b elementor-section-stretched elementor-section-full_width elementor-section-height-min-height elementor-section-height-default elementor-section-items-middle\" data-id=\"d2f9d5b\" data-element_type=\"section\" data-settings=\"{&quot;stretch_section&quot;:&quot;section-stretched&quot;,&quot;background_background&quot;:&quot;classic&quot;}\">\n\t\t\t\t\t\t<div class=\"elementor-container elementor-column-gap-default\">\n\t\t\t\t\t\t\t<div class=\"elementor-row\">\n\t\t\t\t\t<div class=\"elementor-column elementor-col-100 elementor-top-column elementor-element elementor-element-d3138d2\" data-id=\"d3138d2\" data-element_type=\"column\">\n\t\t\t<div class=\"elementor-column-wrap\">\n\t\t\t\t\t\t\t<div class=\"elementor-widget-wrap\">\n\t\t\t\t\t\t\t\t<\/div>\n\t\t\t\t\t<\/div>\n\t\t<\/div>\n\t\t\t\t\t\t\t\t<\/div>\n\t\t\t\t\t<\/div>\n\t\t<\/section>\n\t\t\t\t<section class=\"elementor-section elementor-top-section elementor-element elementor-element-e7cb035 elementor-section-boxed elementor-section-height-default elementor-section-height-default\" data-id=\"e7cb035\" data-element_type=\"section\">\n\t\t\t\t\t\t<div class=\"elementor-container elementor-column-gap-default\">\n\t\t\t\t\t\t\t<div class=\"elementor-row\">\n\t\t\t\t\t<div class=\"elementor-column elementor-col-100 elementor-top-column elementor-element elementor-element-3ea93e1\" data-id=\"3ea93e1\" data-element_type=\"column\">\n\t\t\t<div class=\"elementor-column-wrap elementor-element-populated\">\n\t\t\t\t\t\t\t<div class=\"elementor-widget-wrap\">\n\t\t\t\t\t\t<div class=\"elementor-element elementor-element-d12cf78 elementor-widget elementor-widget-spacer\" data-id=\"d12cf78\" data-element_type=\"widget\" data-widget_type=\"spacer.default\">\n\t\t\t\t<div class=\"elementor-widget-container\">\n\t\t\t\t\t<div class=\"elementor-spacer\">\n\t\t\t<div class=\"elementor-spacer-inner\"><\/div>\n\t\t<\/div>\n\t\t\t\t<\/div>\n\t\t\t\t<\/div>\n\t\t\t\t\t\t<\/div>\n\t\t\t\t\t<\/div>\n\t\t<\/div>\n\t\t\t\t\t\t\t\t<\/div>\n\t\t\t\t\t<\/div>\n\t\t<\/section>\n\t\t\t\t<section class=\"elementor-section elementor-top-section elementor-element elementor-element-f7c34fa elementor-section-boxed elementor-section-height-default elementor-section-height-default\" data-id=\"f7c34fa\" data-element_type=\"section\">\n\t\t\t\t\t\t<div class=\"elementor-container elementor-column-gap-default\">\n\t\t\t\t\t\t\t<div class=\"elementor-row\">\n\t\t\t\t\t<div class=\"elementor-column elementor-col-50 elementor-top-column elementor-element elementor-element-d3c0e44\" data-id=\"d3c0e44\" data-element_type=\"column\">\n\t\t\t<div class=\"elementor-column-wrap elementor-element-populated\">\n\t\t\t\t\t\t\t<div class=\"elementor-widget-wrap\">\n\t\t\t\t\t\t<div class=\"elementor-element elementor-element-9dc6e98 elementor-widget elementor-widget-heading\" data-id=\"9dc6e98\" data-element_type=\"widget\" data-widget_type=\"heading.default\">\n\t\t\t\t<div class=\"elementor-widget-container\">\n\t\t\t<h2 class=\"elementor-heading-title elementor-size-default\">Un equipo que se siente familia<\/h2>\t\t<\/div>\n\t\t\t\t<\/div>\n\t\t\t\t<div class=\"elementor-element elementor-element-2b3027c elementor-widget elementor-widget-spacer\" data-id=\"2b3027c\" data-element_type=\"widget\" data-widget_type=\"spacer.default\">\n\t\t\t\t<div class=\"elementor-widget-container\">\n\t\t\t\t\t<div class=\"elementor-spacer\">\n\t\t\t<div class=\"elementor-spacer-inner\"><\/div>\n\t\t<\/div>\n\t\t\t\t<\/div>\n\t\t\t\t<\/div>\n\t\t\t\t\t\t<\/div>\n\t\t\t\t\t<\/div>\n\t\t<\/div>\n\t\t\t\t<div class=\"elementor-column elementor-col-50 elementor-top-column elementor-element elementor-element-8f7bbb5\" data-id=\"8f7bbb5\" data-element_type=\"column\">\n\t\t\t<div class=\"elementor-column-wrap elementor-element-populated\">\n\t\t\t\t\t\t\t<div class=\"elementor-widget-wrap\">\n\t\t\t\t\t\t<div class=\"elementor-element elementor-element-85dea1c bigtext elementor-widget elementor-widget-text-editor\" data-id=\"85dea1c\" data-element_type=\"widget\" data-widget_type=\"text-editor.default\">\n\t\t\t\t<div class=\"elementor-widget-container\">\n\t\t\t\t\t\t\t\t<div class=\"elementor-text-editor elementor-clearfix\">\n\t\t\t\t<p>Somos Bernardo y Anal\u00eda, adem\u00e1s de tener un proyecto familiar en com\u00fan, nos une la profesi\u00f3n, el trabajo y la pasi\u00f3n por lo que hacemos.\u00a0<\/p>\t\t\t\t\t<\/div>\n\t\t\t\t\t\t<\/div>\n\t\t\t\t<\/div>\n\t\t\t\t<div class=\"elementor-element elementor-element-fe31996 elementor-widget elementor-widget-spacer\" data-id=\"fe31996\" data-element_type=\"widget\" data-widget_type=\"spacer.default\">\n\t\t\t\t<div class=\"elementor-widget-container\">\n\t\t\t\t\t<div class=\"elementor-spacer\">\n\t\t\t<div class=\"elementor-spacer-inner\"><\/div>\n\t\t<\/div>\n\t\t\t\t<\/div>\n\t\t\t\t<\/div>\n\t\t\t\t<div class=\"elementor-element elementor-element-c4d7f58 elementor-widget elementor-widget-text-editor\" data-id=\"c4d7f58\" data-element_type=\"widget\" data-widget_type=\"text-editor.default\">\n\t\t\t\t<div class=\"elementor-widget-container\">\n\t\t\t\t\t\t\t\t<div class=\"elementor-text-editor elementor-clearfix\">\n\t\t\t\t<p>Desde el momento en que nos recibimos, iniciamos el camino de la docencia. Esta relaci\u00f3n con la facultad nos mantienen actualizados, nos permite seguir form\u00e1ndonos y vinculados con el mundo de la investigaci\u00f3n.<\/p>\t\t\t\t\t<\/div>\n\t\t\t\t\t\t<\/div>\n\t\t\t\t<\/div>\n\t\t\t\t<div class=\"elementor-element elementor-element-f0d0dda elementor-widget elementor-widget-spacer\" data-id=\"f0d0dda\" data-element_type=\"widget\" data-widget_type=\"spacer.default\">\n\t\t\t\t<div class=\"elementor-widget-container\">\n\t\t\t\t\t<div class=\"elementor-spacer\">\n\t\t\t<div class=\"elementor-spacer-inner\"><\/div>\n\t\t<\/div>\n\t\t\t\t<\/div>\n\t\t\t\t<\/div>\n\t\t\t\t<div class=\"elementor-element elementor-element-508dbe1 elementor-widget elementor-widget-text-editor\" data-id=\"508dbe1\" data-element_type=\"widget\" data-widget_type=\"text-editor.default\">\n\t\t\t\t<div class=\"elementor-widget-container\">\n\t\t\t\t\t\t\t\t<div class=\"elementor-text-editor elementor-clearfix\">\n\t\t\t\t<p>Creamos Bertone &amp; Nieva en el a\u00f1o 2013 y a partir de ah\u00ed compartimos nuestros d\u00edas haciendo lo que m\u00e1s nos gusta. Acompa\u00f1amos a nuestros clientes en todas las etapas del proceso, desde la formulaci\u00f3n de las primeras ideas y requerimientos hasta la materializaci\u00f3n concreta de la obra.<\/p>\t\t\t\t\t<\/div>\n\t\t\t\t\t\t<\/div>\n\t\t\t\t<\/div>\n\t\t\t\t\t\t<\/div>\n\t\t\t\t\t<\/div>\n\t\t<\/div>\n\t\t\t\t\t\t\t\t<\/div>\n\t\t\t\t\t<\/div>\n\t\t<\/section>\n\t\t\t\t<section class=\"elementor-section elementor-top-section elementor-element elementor-element-e39683d elementor-section-boxed elementor-section-height-default elementor-section-height-default\" data-id=\"e39683d\" data-element_type=\"section\">\n\t\t\t\t\t\t<div class=\"elementor-container elementor-column-gap-default\">\n\t\t\t\t\t\t\t<div class=\"elementor-row\">\n\t\t\t\t\t<div class=\"elementor-column elementor-col-100 elementor-top-column elementor-element elementor-element-5089a63\" data-id=\"5089a63\" data-element_type=\"column\">\n\t\t\t<div class=\"elementor-column-wrap elementor-element-populated\">\n\t\t\t\t\t\t\t<div class=\"elementor-widget-wrap\">\n\t\t\t\t\t\t<div class=\"elementor-element elementor-element-5441c58 elementor-widget elementor-widget-spacer\" data-id=\"5441c58\" data-element_type=\"widget\" data-widget_type=\"spacer.default\">\n\t\t\t\t<div class=\"elementor-widget-container\">\n\t\t\t\t\t<div class=\"elementor-spacer\">\n\t\t\t<div class=\"elementor-spacer-inner\"><\/div>\n\t\t<\/div>\n\t\t\t\t<\/div>\n\t\t\t\t<\/div>\n\t\t\t\t<div class=\"elementor-element elementor-element-e5026ce elementor-widget elementor-widget-heading\" data-id=\"e5026ce\" data-element_type=\"widget\" data-widget_type=\"heading.default\">\n\t\t\t\t<div class=\"elementor-widget-container\">\n\t\t\t<h2 class=\"elementor-heading-title elementor-size-default\">Algo m\u00e1s de nosotros<\/h2>\t\t<\/div>\n\t\t\t\t<\/div>\n\t\t\t\t<div class=\"elementor-element elementor-element-e4291c1 elementor-widget elementor-widget-spacer\" data-id=\"e4291c1\" data-element_type=\"widget\" data-widget_type=\"spacer.default\">\n\t\t\t\t<div class=\"elementor-widget-container\">\n\t\t\t\t\t<div class=\"elementor-spacer\">\n\t\t\t<div class=\"elementor-spacer-inner\"><\/div>\n\t\t<\/div>\n\t\t\t\t<\/div>\n\t\t\t\t<\/div>\n\t\t\t\t<div class=\"elementor-element elementor-element-a50aea2 elementor-hidden-tablet elementor-hidden-phone elementor-widget elementor-widget-image\" data-id=\"a50aea2\" data-element_type=\"widget\" data-widget_type=\"image.default\">\n\t\t\t\t<div class=\"elementor-widget-container\">\n\t\t\t\t\t\t\t\t<div class=\"elementor-image\">\n\t\t\t\t\t\t\t\t\t\t\t\t<img decoding=\"async\" width=\"1100\" height=\"384\" src=\"https:\/\/bnarquitectos.com\/wp-content\/uploads\/2020\/10\/Bertone-Nieva.jpg\" class=\"attachment-full size-full wp-image-2190\" alt=\"\" loading=\"lazy\" srcset=\"https:\/\/bnarquitectos.com\/wp-content\/uploads\/2020\/10\/Bertone-Nieva.jpg 1100w, https:\/\/bnarquitectos.com\/wp-content\/uploads\/2020\/10\/Bertone-Nieva-300x105.jpg 300w, https:\/\/bnarquitectos.com\/wp-content\/uploads\/2020\/10\/Bertone-Nieva-1024x357.jpg 1024w, https:\/\/bnarquitectos.com\/wp-content\/uploads\/2020\/10\/Bertone-Nieva-768x268.jpg 768w\" sizes=\"(max-width: 1100px) 100vw, 1100px\" \/>\t\t\t\t\t\t\t\t\t\t\t\t\t\t<\/div>\n\t\t\t\t\t\t<\/div>\n\t\t\t\t<\/div>\n\t\t\t\t<div class=\"elementor-element elementor-element-47b43ca elementor-hidden-desktop elementor-widget elementor-widget-image\" data-id=\"47b43ca\" data-element_type=\"widget\" data-widget_type=\"image.default\">\n\t\t\t\t<div class=\"elementor-widget-container\">\n\t\t\t\t\t\t\t\t<div class=\"elementor-image\">\n\t\t\t\t\t\t\t\t\t\t\t\t<img decoding=\"async\" width=\"1100\" height=\"580\" src=\"https:\/\/bnarquitectos.com\/wp-content\/uploads\/2020\/10\/Bertone-Nieva-04.jpg\" class=\"attachment-full size-full wp-image-2201\" alt=\"\" loading=\"lazy\" srcset=\"https:\/\/bnarquitectos.com\/wp-content\/uploads\/2020\/10\/Bertone-Nieva-04.jpg 1100w, https:\/\/bnarquitectos.com\/wp-content\/uploads\/2020\/10\/Bertone-Nieva-04-300x158.jpg 300w, https:\/\/bnarquitectos.com\/wp-content\/uploads\/2020\/10\/Bertone-Nieva-04-1024x540.jpg 1024w, https:\/\/bnarquitectos.com\/wp-content\/uploads\/2020\/10\/Bertone-Nieva-04-768x405.jpg 768w\" sizes=\"(max-width: 1100px) 100vw, 1100px\" \/>\t\t\t\t\t\t\t\t\t\t\t\t\t\t<\/div>\n\t\t\t\t\t\t<\/div>\n\t\t\t\t<\/div>\n\t\t\t\t<div class=\"elementor-element elementor-element-f89be7f elementor-widget elementor-widget-spacer\" data-id=\"f89be7f\" data-element_type=\"widget\" data-widget_type=\"spacer.default\">\n\t\t\t\t<div class=\"elementor-widget-container\">\n\t\t\t\t\t<div class=\"elementor-spacer\">\n\t\t\t<div class=\"elementor-spacer-inner\"><\/div>\n\t\t<\/div>\n\t\t\t\t<\/div>\n\t\t\t\t<\/div>\n\t\t\t\t<section class=\"elementor-section elementor-inner-section elementor-element elementor-element-aab0eaa elementor-section-boxed elementor-section-height-default elementor-section-height-default\" data-id=\"aab0eaa\" data-element_type=\"section\">\n\t\t\t\t\t\t<div class=\"elementor-container elementor-column-gap-default\">\n\t\t\t\t\t\t\t<div class=\"elementor-row\">\n\t\t\t\t\t<div class=\"elementor-column elementor-col-50 elementor-inner-column elementor-element elementor-element-f0f24eb\" data-id=\"f0f24eb\" data-element_type=\"column\">\n\t\t\t<div class=\"elementor-column-wrap elementor-element-populated\">\n\t\t\t\t\t\t\t<div class=\"elementor-widget-wrap\">\n\t\t\t\t\t\t<div class=\"elementor-element elementor-element-8d8853f elementor-widget elementor-widget-heading\" data-id=\"8d8853f\" data-element_type=\"widget\" data-widget_type=\"heading.default\">\n\t\t\t\t<div class=\"elementor-widget-container\">\n\t\t\t<h3 class=\"elementor-heading-title elementor-size-default\">Anal\u00eda Bel\u00e9n Nieva<\/h3>\t\t<\/div>\n\t\t\t\t<\/div>\n\t\t\t\t<div class=\"elementor-element elementor-element-ad3da41 elementor-widget elementor-widget-text-editor\" data-id=\"ad3da41\" data-element_type=\"widget\" data-widget_type=\"text-editor.default\">\n\t\t\t\t<div class=\"elementor-widget-container\">\n\t\t\t\t\t\t\t\t<div class=\"elementor-text-editor elementor-clearfix\">\n\t\t\t\t<h4>Socia<br \/>Arquitecta &#8211; Docente FADU-UNL<\/h4>\t\t\t\t\t<\/div>\n\t\t\t\t\t\t<\/div>\n\t\t\t\t<\/div>\n\t\t\t\t<div class=\"elementor-element elementor-element-e3f5a4e elementor-widget elementor-widget-spacer\" data-id=\"e3f5a4e\" data-element_type=\"widget\" data-widget_type=\"spacer.default\">\n\t\t\t\t<div class=\"elementor-widget-container\">\n\t\t\t\t\t<div class=\"elementor-spacer\">\n\t\t\t<div class=\"elementor-spacer-inner\"><\/div>\n\t\t<\/div>\n\t\t\t\t<\/div>\n\t\t\t\t<\/div>\n\t\t\t\t<div class=\"elementor-element elementor-element-3be248b elementor-widget elementor-widget-text-editor\" data-id=\"3be248b\" data-element_type=\"widget\" data-widget_type=\"text-editor.default\">\n\t\t\t\t<div class=\"elementor-widget-container\">\n\t\t\t\t\t\t\t\t<div class=\"elementor-text-editor elementor-clearfix\">\n\t\t\t\t<p>FORMACI\u00d3N<br>Arquitecta, FADU UNL (2008). Actualmente realizando la tesis de la<b>&nbsp;Maestr\u00eda en Arquitectura con Menci\u00f3n en Teor\u00eda de la Arquitectura Contempor\u00e1nea<\/b>, FADU UNL (Cohorte 2012).<\/p>\n<p>PROFESI\u00d3N<i><br><\/i>Desde el a\u00f1o 2013 es Titular del estudio Bertone &amp; Nieva Arquitectos y Consultora BIM.<span style=\"font-weight: bold;\">&nbsp;&nbsp;<\/span><\/p>\n<p>DOCENCIA<br>Docente universitaria en el &#8220;Taller de Proyecto Arquitect\u00f3nico III y IV de la c\u00e1tedra del Arq. Miguel Irigoyen, FADU-UNL; desde el a\u00f1o 2011 y con cargo ordinario<b> concursado en 2014<\/b>. Actividades de pasant\u00eda en docencia desde el a\u00f1o 2009.<\/p>\n<p>INVESTIGACI\u00d3N<br>Participaci\u00f3n en el III Congreso Nacional de Ciencia y Tecnolog\u00eda Ambiental, con ponencia oral y publicaci\u00f3n del resumen en base a los contenidos abordados para la tesis de Maestr\u00eda en Arquitectura, titulado: &#8220;Gesti\u00f3n sostenible en la relaci\u00f3n Ciudad-R\u00edo. Patrimonio, Paisaje y Espacio P\u00fablico en el Puerto de Santa Fe&#8221;.<\/p>\t\t\t\t\t<\/div>\n\t\t\t\t\t\t<\/div>\n\t\t\t\t<\/div>\n\t\t\t\t<div class=\"elementor-element elementor-element-14aba26 elementor-widget elementor-widget-spacer\" data-id=\"14aba26\" data-element_type=\"widget\" data-widget_type=\"spacer.default\">\n\t\t\t\t<div class=\"elementor-widget-container\">\n\t\t\t\t\t<div class=\"elementor-spacer\">\n\t\t\t<div class=\"elementor-spacer-inner\"><\/div>\n\t\t<\/div>\n\t\t\t\t<\/div>\n\t\t\t\t<\/div>\n\t\t\t\t<div class=\"elementor-element elementor-element-9802ce8 elementor-widget elementor-widget-text-editor\" data-id=\"9802ce8\" data-element_type=\"widget\" data-widget_type=\"text-editor.default\">\n\t\t\t\t<div class=\"elementor-widget-container\">\n\t\t\t\t\t\t\t\t<div class=\"elementor-text-editor elementor-clearfix\">\n\t\t\t\t<h4><a href=\"https:\/\/bnarquitectos.com\/wp-content\/uploads\/2021\/01\/CV-2021-PAGINA-WEB-Arq.-Anal\u00eda-Bel\u00e9n-Nieva-.pdf\" target=\"_blank\" rel=\"noopener\">Descargar CV<\/a><\/h4>\t\t\t\t\t<\/div>\n\t\t\t\t\t\t<\/div>\n\t\t\t\t<\/div>\n\t\t\t\t\t\t<\/div>\n\t\t\t\t\t<\/div>\n\t\t<\/div>\n\t\t\t\t<div class=\"elementor-column elementor-col-50 elementor-inner-column elementor-element elementor-element-b83cc3c\" data-id=\"b83cc3c\" data-element_type=\"column\">\n\t\t\t<div class=\"elementor-column-wrap elementor-element-populated\">\n\t\t\t\t\t\t\t<div class=\"elementor-widget-wrap\">\n\t\t\t\t\t\t<div class=\"elementor-element elementor-element-5412350 elementor-widget elementor-widget-heading\" data-id=\"5412350\" data-element_type=\"widget\" data-widget_type=\"heading.default\">\n\t\t\t\t<div class=\"elementor-widget-container\">\n\t\t\t<h3 class=\"elementor-heading-title elementor-size-default\">Bernardo Mar\u00eda Bertone<\/h3>\t\t<\/div>\n\t\t\t\t<\/div>\n\t\t\t\t<div class=\"elementor-element elementor-element-459c6d8 elementor-widget elementor-widget-text-editor\" data-id=\"459c6d8\" data-element_type=\"widget\" data-widget_type=\"text-editor.default\">\n\t\t\t\t<div class=\"elementor-widget-container\">\n\t\t\t\t\t\t\t\t<div class=\"elementor-text-editor elementor-clearfix\">\n\t\t\t\t<h4>Socio<br \/>Arquitecto &#8211; Manager BIM &#8211; Docente FADU-UNL<\/h4>\t\t\t\t\t<\/div>\n\t\t\t\t\t\t<\/div>\n\t\t\t\t<\/div>\n\t\t\t\t<div class=\"elementor-element elementor-element-acee8de elementor-widget elementor-widget-spacer\" data-id=\"acee8de\" data-element_type=\"widget\" data-widget_type=\"spacer.default\">\n\t\t\t\t<div class=\"elementor-widget-container\">\n\t\t\t\t\t<div class=\"elementor-spacer\">\n\t\t\t<div class=\"elementor-spacer-inner\"><\/div>\n\t\t<\/div>\n\t\t\t\t<\/div>\n\t\t\t\t<\/div>\n\t\t\t\t<div class=\"elementor-element elementor-element-87095c6 elementor-widget elementor-widget-text-editor\" data-id=\"87095c6\" data-element_type=\"widget\" data-widget_type=\"text-editor.default\">\n\t\t\t\t<div class=\"elementor-widget-container\">\n\t\t\t\t\t\t\t\t<div class=\"elementor-text-editor elementor-clearfix\">\n\t\t\t\t<p><b>FORMACI\u00d3N<\/b><br \/><b>Arquitecto<\/b>, FADU UNL (2008). Master Internacional <b>BIM Maganer<\/b>, ZIGURAT, Global Institute of Technology (2018). Actualmente realizando la tesis de la <b>Maestr\u00eda en Arquitectura con Menci\u00f3n en Proyecto<\/b>, FADU UNL (Cohorte 2016).<\/p><p><b>PROFESI\u00d3N<\/b><br \/>Desde el a\u00f1o 2013 es Titular del estudio Bertone &amp; Nieva Arquitectos y Consultora BIM.<\/p><p><b>DOCENCIA<\/b><br \/>Desde el 2016 ha desempe\u00f1ado tareas de Pasant\u00eda en Docencia para la C\u00e1tedra de Taller de Pr\u00e1ctica Profesional, a cargo del Arquitecto Ramiro Piva; el 2007 en el Taller de Proyecto Arquitect\u00f3nico III Y IV, a cargo del Arquitecto Julio Arroyo; y desde el 2002 al 2005 en el Taller de Proyecto Arquitect\u00f3nico I, a cargo de la Arquitecta Miriam Bessone.<\/p><p><b>INVESTIGACI\u00d3N<\/b><br \/>Desde el 2017 hasta la actualidad es miembro del grupo colaborador en el Proyecto de Investigaci\u00f3n CAI+D Convocatoria 2016 del director Arq. Ramiro Piva. Desde el 2005 al 2009 form\u00f3 parte del grupo colaborador en el Proyecto de Investigaci\u00f3n CAI+D de la directora Arquitecta Miriam Bessone.<\/p>\t\t\t\t\t<\/div>\n\t\t\t\t\t\t<\/div>\n\t\t\t\t<\/div>\n\t\t\t\t<div class=\"elementor-element elementor-element-d533c14 elementor-widget elementor-widget-spacer\" data-id=\"d533c14\" data-element_type=\"widget\" data-widget_type=\"spacer.default\">\n\t\t\t\t<div class=\"elementor-widget-container\">\n\t\t\t\t\t<div class=\"elementor-spacer\">\n\t\t\t<div class=\"elementor-spacer-inner\"><\/div>\n\t\t<\/div>\n\t\t\t\t<\/div>\n\t\t\t\t<\/div>\n\t\t\t\t<div class=\"elementor-element elementor-element-2102785 elementor-widget elementor-widget-text-editor\" data-id=\"2102785\" data-element_type=\"widget\" data-widget_type=\"text-editor.default\">\n\t\t\t\t<div class=\"elementor-widget-container\">\n\t\t\t\t\t\t\t\t<div class=\"elementor-text-editor elementor-clearfix\">\n\t\t\t\t<h4><a href=\"https:\/\/bnarquitectos.com\/wp-content\/uploads\/2021\/01\/CV-2021-PAGINA-WEB-Arq.-Bernardo-M.-Bertone-Brown.pdf\" target=\"_blank\" rel=\"noopener\">Descargar CV<\/a><\/h4>\t\t\t\t\t<\/div>\n\t\t\t\t\t\t<\/div>\n\t\t\t\t<\/div>\n\t\t\t\t\t\t<\/div>\n\t\t\t\t\t<\/div>\n\t\t<\/div>\n\t\t\t\t\t\t\t\t<\/div>\n\t\t\t\t\t<\/div>\n\t\t<\/section>\n\t\t\t\t\t\t<\/div>\n\t\t\t\t\t<\/div>\n\t\t<\/div>\n\t\t\t\t\t\t\t\t<\/div>\n\t\t\t\t\t<\/div>\n\t\t<\/section>\n\t\t\t\t<section class=\"elementor-section elementor-top-section elementor-element elementor-element-8ab7020 elementor-section-stretched elementor-reverse-tablet elementor-reverse-mobile elementor-section-boxed elementor-section-height-default elementor-section-height-default\" data-id=\"8ab7020\" data-element_type=\"section\" data-settings=\"{&quot;stretch_section&quot;:&quot;section-stretched&quot;,&quot;background_background&quot;:&quot;classic&quot;}\">\n\t\t\t\t\t\t<div class=\"elementor-container elementor-column-gap-default\">\n\t\t\t\t\t\t\t<div class=\"elementor-row\">\n\t\t\t\t\t<div class=\"elementor-column elementor-col-50 elementor-top-column elementor-element elementor-element-b80d972\" data-id=\"b80d972\" data-element_type=\"column\">\n\t\t\t<div class=\"elementor-column-wrap elementor-element-populated\">\n\t\t\t\t\t\t\t<div class=\"elementor-widget-wrap\">\n\t\t\t\t\t\t<div class=\"elementor-element elementor-element-6e96249 elementor-widget elementor-widget-heading\" data-id=\"6e96249\" data-element_type=\"widget\" data-widget_type=\"heading.default\">\n\t\t\t\t<div class=\"elementor-widget-container\">\n\t\t\t<h2 class=\"elementor-heading-title elementor-size-default\">Hablemos de su proyecto<\/h2>\t\t<\/div>\n\t\t\t\t<\/div>\n\t\t\t\t<div class=\"elementor-element elementor-element-07b07c7 elementor-widget elementor-widget-spacer\" data-id=\"07b07c7\" data-element_type=\"widget\" data-widget_type=\"spacer.default\">\n\t\t\t\t<div class=\"elementor-widget-container\">\n\t\t\t\t\t<div class=\"elementor-spacer\">\n\t\t\t<div class=\"elementor-spacer-inner\"><\/div>\n\t\t<\/div>\n\t\t\t\t<\/div>\n\t\t\t\t<\/div>\n\t\t\t\t<div class=\"elementor-element elementor-element-2350ff4 bigserif elementor-widget elementor-widget-text-editor\" data-id=\"2350ff4\" data-element_type=\"widget\" data-widget_type=\"text-editor.default\">\n\t\t\t\t<div class=\"elementor-widget-container\">\n\t\t\t\t\t\t\t\t<div class=\"elementor-text-editor elementor-clearfix\">\n\t\t\t\t<p>Ya te contamos sobre nosotros, ahora queremos conocerte y conversar en que proyecto podemos ayudarte.<\/p>\t\t\t\t\t<\/div>\n\t\t\t\t\t\t<\/div>\n\t\t\t\t<\/div>\n\t\t\t\t<div class=\"elementor-element elementor-element-0de47a0 elementor-widget elementor-widget-spacer\" data-id=\"0de47a0\" data-element_type=\"widget\" data-widget_type=\"spacer.default\">\n\t\t\t\t<div class=\"elementor-widget-container\">\n\t\t\t\t\t<div class=\"elementor-spacer\">\n\t\t\t<div class=\"elementor-spacer-inner\"><\/div>\n\t\t<\/div>\n\t\t\t\t<\/div>\n\t\t\t\t<\/div>\n\t\t\t\t<div class=\"elementor-element elementor-element-b819449 elementor-widget elementor-widget-button\" data-id=\"b819449\" data-element_type=\"widget\" data-widget_type=\"button.default\">\n\t\t\t\t<div class=\"elementor-widget-container\">\n\t\t\t\t\t<div class=\"elementor-button-wrapper\">\n\t\t\t<a class=\"elementor-button elementor-button-link elementor-size-sm\" href=\"https:\/\/bnarquitectos.com\/en\/contacto\/\">\n\t\t\t\t\t\t<span class=\"elementor-button-content-wrapper\">\n\t\t\t\t\t\t<span class=\"elementor-button-text\">Contacta con nosotros<\/span>\n\t\t<\/span>\n\t\t\t\t\t<\/a>\n\t\t<\/div>\n\t\t\t\t<\/div>\n\t\t\t\t<\/div>\n\t\t\t\t\t\t<\/div>\n\t\t\t\t\t<\/div>\n\t\t<\/div>\n\t\t\t\t<div class=\"elementor-column elementor-col-50 elementor-top-column elementor-element elementor-element-8e2ffff\" data-id=\"8e2ffff\" data-element_type=\"column\">\n\t\t\t<div class=\"elementor-column-wrap elementor-element-populated\">\n\t\t\t\t\t\t\t<div class=\"elementor-widget-wrap\">\n\t\t\t\t\t\t<div class=\"elementor-element elementor-element-c711a5d elementor-align-right elementor-tablet-align-left elementor-widget elementor-widget-button\" data-id=\"c711a5d\" data-element_type=\"widget\" data-widget_type=\"button.default\">\n\t\t\t\t<div class=\"elementor-widget-container\">\n\t\t\t\t\t<div class=\"elementor-button-wrapper\">\n\t\t\t<a class=\"elementor-button elementor-button-link elementor-size-xl\" href=\"https:\/\/bnarquitectos.com\/en\/contacto\/\">\n\t\t\t\t\t\t<span class=\"elementor-button-content-wrapper\">\n\t\t\t\t\t\t<span class=\"elementor-button-icon elementor-align-icon-left\">\n\t\t\t\t<svg xmlns=\"http:\/\/www.w3.org\/2000\/svg\" width=\"81\" height=\"60\" viewbox=\"0 0 81 60\" fill=\"none\"><path d=\"M49.4999 2L77.4999 30L49.4999 58\" stroke=\"#049848\" stroke-width=\"4\"><\/path><path d=\"M0 30H77.5\" stroke=\"#049848\" stroke-width=\"4\"><\/path><\/svg>\t\t\t<\/span>\n\t\t\t\t\t\t<span class=\"elementor-button-text\"><\/span>\n\t\t<\/span>\n\t\t\t\t\t<\/a>\n\t\t<\/div>\n\t\t\t\t<\/div>\n\t\t\t\t<\/div>\n\t\t\t\t\t\t<\/div>\n\t\t\t\t\t<\/div>\n\t\t<\/div>\n\t\t\t\t\t\t\t\t<\/div>\n\t\t\t\t\t<\/div>\n\t\t<\/section>\n\t\t\t\t\t\t\t\t\t<\/div>\n\t\t\t<\/div>\n\t\t\t\t\t<\/div>","protected":false},"excerpt":{"rendered":"<p>Un equipo que se siente familia Somos Bernardo y Anal\u00eda, adem\u00e1s de tener un proyecto familiar en com\u00fan, nos une la profesi\u00f3n, el trabajo y la pasi\u00f3n por lo que hacemos.\u00a0 Desde el momento en que nos recibimos, iniciamos el camino de la docencia. Esta relaci\u00f3n con la facultad nos mantienen actualizados, nos permite seguir [&hellip;]<\/p>","protected":false},"author":1,"featured_media":0,"parent":0,"menu_order":0,"comment_status":"closed","ping_status":"closed","template":"elementor_header_footer","meta":[],"_links":{"self":[{"href":"https:\/\/bnarquitectos.com\/en\/wp-json\/wp\/v2\/pages\/1105"}],"collection":[{"href":"https:\/\/bnarquitectos.com\/en\/wp-json\/wp\/v2\/pages"}],"about":[{"href":"https:\/\/bnarquitectos.com\/en\/wp-json\/wp\/v2\/types\/page"}],"author":[{"embeddable":true,"href":"https:\/\/bnarquitectos.com\/en\/wp-json\/wp\/v2\/users\/1"}],"replies":[{"embeddable":true,"href":"https:\/\/bnarquitectos.com\/en\/wp-json\/wp\/v2\/comments?post=1105"}],"version-history":[{"count":140,"href":"https:\/\/bnarquitectos.com\/en\/wp-json\/wp\/v2\/pages\/1105\/revisions"}],"predecessor-version":[{"id":2378,"href":"https:\/\/bnarquitectos.com\/en\/wp-json\/wp\/v2\/pages\/1105\/revisions\/2378"}],"wp:attachment":[{"href":"https:\/\/bnarquitectos.com\/en\/wp-json\/wp\/v2\/media?parent=1105"}],"curies":[{"name":"wp","href":"https:\/\/api.w.org\/{rel}","templated":true}]}}